{"id":6800,"date":"2026-05-06T14:49:37","date_gmt":"2026-05-06T06:49:37","guid":{"rendered":"https:\/\/www.xqglasses.com\/?post_type=product&#038;p=6800"},"modified":"2026-05-06T14:51:44","modified_gmt":"2026-05-06T06:51:44","slug":"uv400-protection-tr90-photochromic-sports-sunglasses-for-running-cycling-outdoor-adventures","status":"publish","type":"product","link":"https:\/\/www.xqglasses.com\/fr\/produit\/uv400-protection-tr90-photochromic-sports-sunglasses-for-running-cycling-outdoor-adventures\/","title":{"rendered":"Lunettes de soleil de sport photochromiques TR90 avec protection UV400 pour la course, le cyclisme et les aventures en plein air"},"content":{"rendered":"<h1 style=\"text-align: center;\" data-start=\"31\" data-end=\"408\"><strong>Lunettes de soleil de sport photochromiques TR90 avec protection UV400 pour la course, le cyclisme et les aventures en plein air<\/strong><\/h1>\n<p>&nbsp;<\/p>\n<p data-start=\"31\" data-end=\"408\">Ce produit (XQ651)\u00a0est fabriqu\u00e9 avec des montures TR90 de haute qualit\u00e9, offrant flexibilit\u00e9, r\u00e9sistance aux chocs et un ajustement confortable pendant les activit\u00e9s sportives. Les lentilles sont fabriqu\u00e9es dans un mat\u00e9riau photochromique PC tr\u00e8s durable, offrant une utilisation polyvalente dans une seule lentille. Ils s'assombrissent automatiquement sous la lumi\u00e8re UV et redeviennent clairs \u00e0 l'int\u00e9rieur ou la nuit, offrant une protection 100% UV400.<\/p>\n<p data-start=\"410\" data-end=\"723\">Avec les verres photochromiques, il n\u2019est pas n\u00e9cessaire de changer manuellement de verre ; ils s'adaptent automatiquement aux conditions m\u00e9t\u00e9orologiques et lumineuses changeantes, rendant les sports de plein air plus pratiques et garantissant une vision plus claire. De plus, les plaquettes de nez antid\u00e9rapantes aident \u00e0 maintenir les lunettes de soleil bien en place pendant le mouvement.<\/p>\n<p data-start=\"725\" data-end=\"1035\">Le design sportif allie fonctionnalit\u00e9 et style, sp\u00e9cialement con\u00e7u pour les amateurs de plein air. Que vous ayez besoin de lunettes de soleil de sport, de lunettes de soleil d'ext\u00e9rieur ou de lunettes de sport haute performance, ces lunettes de soleil photochromiques polyvalentes offrent une vision claire, une protection maximale et un confort toute la journ\u00e9e.<\/p>\n<p data-start=\"725\" data-end=\"1035\">\u00a0 \u00a0<img fetchpriority=\"high\" decoding=\"async\" class=\"alignnone wp-image-6822\" src=\"https:\/\/www.xqglasses.com\/wp-content\/uploads\/2026\/03\/\u672a\u547d\u540d\u7684\u8bbe\u8ba1-10-1024x683.png\" alt=\"\u672a\u547d\u540d\u7684\u8bbe\u8ba1 (10)\" width=\"379\" height=\"253\" srcset=\"https:\/\/www.xqglasses.com\/wp-content\/uploads\/2026\/03\/\u672a\u547d\u540d\u7684\u8bbe\u8ba1-10-1024x683.png 1024w, https:\/\/www.xqglasses.com\/wp-content\/uploads\/2026\/03\/\u672a\u547d\u540d\u7684\u8bbe\u8ba1-10-300x200.png 300w, https:\/\/www.xqglasses.com\/wp-content\/uploads\/2026\/03\/\u672a\u547d\u540d\u7684\u8bbe\u8ba1-10-768x512.png 768w, https:\/\/www.xqglasses.com\/wp-content\/uploads\/2026\/03\/\u672a\u547d\u540d\u7684\u8bbe\u8ba1-10-600x400.png 600w, https:\/\/www.xqglasses.com\/wp-content\/uploads\/2026\/03\/\u672a\u547d\u540d\u7684\u8bbe\u8ba1-10.png 1200w\" sizes=\"(max-width: 379px) 100vw, 379px\" \/>\u00a0 \u00a0 \u00a0 \u00a0 <img decoding=\"async\" class=\"alignnone wp-image-6823\" src=\"https:\/\/www.xqglasses.com\/wp-content\/uploads\/2026\/03\/\u672a\u547d\u540d\u7684\u8bbe\u8ba1-11-1024x683.png\" alt=\"\u672a\u547d\u540d\u7684\u8bbe\u8ba1 (11)\" width=\"374\" height=\"249\" srcset=\"https:\/\/www.xqglasses.com\/wp-content\/uploads\/2026\/03\/\u672a\u547d\u540d\u7684\u8bbe\u8ba1-11-1024x683.png 1024w, https:\/\/www.xqglasses.com\/wp-content\/uploads\/2026\/03\/\u672a\u547d\u540d\u7684\u8bbe\u8ba1-11-300x200.png 300w, https:\/\/www.xqglasses.com\/wp-content\/uploads\/2026\/03\/\u672a\u547d\u540d\u7684\u8bbe\u8ba1-11-768x512.png 768w, https:\/\/www.xqglasses.com\/wp-content\/uploads\/2026\/03\/\u672a\u547d\u540d\u7684\u8bbe\u8ba1-11-600x400.png 600w, https:\/\/www.xqglasses.com\/wp-content\/uploads\/2026\/03\/\u672a\u547d\u540d\u7684\u8bbe\u8ba1-11.png 1200w\" sizes=\"(max-width: 374px) 100vw, 374px\" \/>\u00a0 \u00a0 \u00a0 \u00a0 \u00a0 \u00a0 \u00a0 \u00a0 \u00a0 \u00a0 <img decoding=\"async\" class=\"alignnone wp-image-6824\" src=\"https:\/\/www.xqglasses.com\/wp-content\/uploads\/2026\/03\/\u672a\u547d\u540d\u7684\u8bbe\u8ba1-12-1024x683.png\" alt=\"\u672a\u547d\u540d\u7684\u8bbe\u8ba1 (12)\" width=\"341\" height=\"227\" srcset=\"https:\/\/www.xqglasses.com\/wp-content\/uploads\/2026\/03\/\u672a\u547d\u540d\u7684\u8bbe\u8ba1-12-1024x683.png 1024w, https:\/\/www.xqglasses.com\/wp-content\/uploads\/2026\/03\/\u672a\u547d\u540d\u7684\u8bbe\u8ba1-12-300x200.png 300w, https:\/\/www.xqglasses.com\/wp-content\/uploads\/2026\/03\/\u672a\u547d\u540d\u7684\u8bbe\u8ba1-12-768x512.png 768w, https:\/\/www.xqglasses.com\/wp-content\/uploads\/2026\/03\/\u672a\u547d\u540d\u7684\u8bbe\u8ba1-12-600x400.png 600w, https:\/\/www.xqglasses.com\/wp-content\/uploads\/2026\/03\/\u672a\u547d\u540d\u7684\u8bbe\u8ba1-12.png 1200w\" sizes=\"(max-width: 341px) 100vw, 341px\" \/><\/p>\n<h2 style=\"text-align: center;\"><strong>S\u00e9lection de produits<\/strong><\/h2>\n<p><img loading=\"lazy\" decoding=\"async\" class=\"alignnone wp-image-6825\" src=\"https:\/\/www.xqglasses.com\/wp-content\/uploads\/2026\/03\/\u672a\u547d\u540d\u7684\u8bbe\u8ba1-13-1024x683.png\" alt=\"\u672a\u547d\u540d\u7684\u8bbe\u8ba1 (13)\" width=\"481\" height=\"321\" srcset=\"https:\/\/www.xqglasses.com\/wp-content\/uploads\/2026\/03\/\u672a\u547d\u540d\u7684\u8bbe\u8ba1-13-1024x683.png 1024w, https:\/\/www.xqglasses.com\/wp-content\/uploads\/2026\/03\/\u672a\u547d\u540d\u7684\u8bbe\u8ba1-13-300x200.png 300w, https:\/\/www.xqglasses.com\/wp-content\/uploads\/2026\/03\/\u672a\u547d\u540d\u7684\u8bbe\u8ba1-13-768x512.png 768w, https:\/\/www.xqglasses.com\/wp-content\/uploads\/2026\/03\/\u672a\u547d\u540d\u7684\u8bbe\u8ba1-13-600x400.png 600w, https:\/\/www.xqglasses.com\/wp-content\/uploads\/2026\/03\/\u672a\u547d\u540d\u7684\u8bbe\u8ba1-13.png 1200w\" sizes=\"(max-width: 481px) 100vw, 481px\" \/>\u00a0 \u00a0 \u00a0 \u00a0 \u00a0 \u00a0 \u00a0 \u00a0 \u00a0 \u00a0 \u00a0 \u00a0 \u00a0 \u00a0 \u00a0 \u00a0 \u00a0 \u00a0 \u00a0 \u00a0 \u00a0 \u00a0 \u00a0 \u00a0 \u00a0 \u00a0 \u00a0 \u00a0 <img loading=\"lazy\" decoding=\"async\" class=\"alignnone wp-image-6826\" src=\"https:\/\/www.xqglasses.com\/wp-content\/uploads\/2026\/03\/\u672a\u547d\u540d\u7684\u8bbe\u8ba1-14-1024x683.png\" alt=\"\u672a\u547d\u540d\u7684\u8bbe\u8ba1 (14)\" width=\"447\" height=\"298\" srcset=\"https:\/\/www.xqglasses.com\/wp-content\/uploads\/2026\/03\/\u672a\u547d\u540d\u7684\u8bbe\u8ba1-14-1024x683.png 1024w, https:\/\/www.xqglasses.com\/wp-content\/uploads\/2026\/03\/\u672a\u547d\u540d\u7684\u8bbe\u8ba1-14-300x200.png 300w, https:\/\/www.xqglasses.com\/wp-content\/uploads\/2026\/03\/\u672a\u547d\u540d\u7684\u8bbe\u8ba1-14-768x512.png 768w, https:\/\/www.xqglasses.com\/wp-content\/uploads\/2026\/03\/\u672a\u547d\u540d\u7684\u8bbe\u8ba1-14-600x400.png 600w, https:\/\/www.xqglasses.com\/wp-content\/uploads\/2026\/03\/\u672a\u547d\u540d\u7684\u8bbe\u8ba1-14.png 1200w\" sizes=\"(max-width: 447px) 100vw, 447px\" \/> <img loading=\"lazy\" decoding=\"async\" class=\"alignnone wp-image-6827\" src=\"https:\/\/www.xqglasses.com\/wp-content\/uploads\/2026\/03\/\u672a\u547d\u540d\u7684\u8bbe\u8ba1-15-1024x683.png\" alt=\"\u672a\u547d\u540d\u7684\u8bbe\u8ba1 (15)\" width=\"472\" height=\"315\" srcset=\"https:\/\/www.xqglasses.com\/wp-content\/uploads\/2026\/03\/\u672a\u547d\u540d\u7684\u8bbe\u8ba1-15-1024x683.png 1024w, https:\/\/www.xqglasses.com\/wp-content\/uploads\/2026\/03\/\u672a\u547d\u540d\u7684\u8bbe\u8ba1-15-300x200.png 300w, https:\/\/www.xqglasses.com\/wp-content\/uploads\/2026\/03\/\u672a\u547d\u540d\u7684\u8bbe\u8ba1-15-768x512.png 768w, https:\/\/www.xqglasses.com\/wp-content\/uploads\/2026\/03\/\u672a\u547d\u540d\u7684\u8bbe\u8ba1-15-600x400.png 600w, https:\/\/www.xqglasses.com\/wp-content\/uploads\/2026\/03\/\u672a\u547d\u540d\u7684\u8bbe\u8ba1-15.png 1200w\" sizes=\"(max-width: 472px) 100vw, 472px\" \/>\u00a0 \u00a0 \u00a0 \u00a0 \u00a0 \u00a0 \u00a0 \u00a0 \u00a0 \u00a0 \u00a0 \u00a0 \u00a0 \u00a0 \u00a0 \u00a0 \u00a0 \u00a0 \u00a0 \u00a0 \u00a0 \u00a0 \u00a0 \u00a0 \u00a0 \u00a0 \u00a0 \u00a0 \u00a0 \u00a0 \u00a0 \u00a0 \u00a0 \u00a0<img loading=\"lazy\" decoding=\"async\" class=\"alignnone wp-image-6828\" src=\"https:\/\/www.xqglasses.com\/wp-content\/uploads\/2026\/03\/For-more-customization-options-please-contact-us-1024x683.png\" alt=\"For More Customization Options, Please Contact Us.\" width=\"427\" height=\"285\" srcset=\"https:\/\/www.xqglasses.com\/wp-content\/uploads\/2026\/03\/For-more-customization-options-please-contact-us-1024x683.png 1024w, https:\/\/www.xqglasses.com\/wp-content\/uploads\/2026\/03\/For-more-customization-options-please-contact-us-300x200.png 300w, https:\/\/www.xqglasses.com\/wp-content\/uploads\/2026\/03\/For-more-customization-options-please-contact-us-768x512.png 768w, https:\/\/www.xqglasses.com\/wp-content\/uploads\/2026\/03\/For-more-customization-options-please-contact-us-600x400.png 600w, https:\/\/www.xqglasses.com\/wp-content\/uploads\/2026\/03\/For-more-customization-options-please-contact-us.png 1200w\" sizes=\"(max-width: 427px) 100vw, 427px\" \/><\/p>\n<h2 class=\"elementor-heading-title elementor-size-default\" style=\"text-align: center;\"><strong>Caract\u00e9ristiques et mat\u00e9riaux<\/strong><\/h2>\n<h2><img loading=\"lazy\" decoding=\"async\" class=\"alignnone wp-image-6829\" src=\"https:\/\/www.xqglasses.com\/wp-content\/uploads\/2026\/03\/For-more-customization-options-please-contact-us.-1-1024x683.png\" alt=\"For More Customization Options, Please Contact Us. (1)\" width=\"384\" height=\"256\" srcset=\"https:\/\/www.xqglasses.com\/wp-content\/uploads\/2026\/03\/For-more-customization-options-please-contact-us.-1-1024x683.png 1024w, https:\/\/www.xqglasses.com\/wp-content\/uploads\/2026\/03\/For-more-customization-options-please-contact-us.-1-300x200.png 300w, https:\/\/www.xqglasses.com\/wp-content\/uploads\/2026\/03\/For-more-customization-options-please-contact-us.-1-768x512.png 768w, https:\/\/www.xqglasses.com\/wp-content\/uploads\/2026\/03\/For-more-customization-options-please-contact-us.-1-600x400.png 600w, https:\/\/www.xqglasses.com\/wp-content\/uploads\/2026\/03\/For-more-customization-options-please-contact-us.-1.png 1200w\" sizes=\"(max-width: 384px) 100vw, 384px\" \/> \u00a0 <img loading=\"lazy\" decoding=\"async\" class=\"alignnone wp-image-6830\" src=\"https:\/\/www.xqglasses.com\/wp-content\/uploads\/2026\/03\/For-more-customization-options-please-contact-us.-2-1024x683.png\" alt=\"For More Customization Options, Please Contact Us. (2)\" width=\"375\" height=\"250\" srcset=\"https:\/\/www.xqglasses.com\/wp-content\/uploads\/2026\/03\/For-more-customization-options-please-contact-us.-2-1024x683.png 1024w, https:\/\/www.xqglasses.com\/wp-content\/uploads\/2026\/03\/For-more-customization-options-please-contact-us.-2-300x200.png 300w, https:\/\/www.xqglasses.com\/wp-content\/uploads\/2026\/03\/For-more-customization-options-please-contact-us.-2-768x512.png 768w, https:\/\/www.xqglasses.com\/wp-content\/uploads\/2026\/03\/For-more-customization-options-please-contact-us.-2-600x400.png 600w, https:\/\/www.xqglasses.com\/wp-content\/uploads\/2026\/03\/For-more-customization-options-please-contact-us.-2.png 1200w\" sizes=\"(max-width: 375px) 100vw, 375px\" \/> \u00a0 <img loading=\"lazy\" decoding=\"async\" class=\"alignnone wp-image-6831\" src=\"https:\/\/www.xqglasses.com\/wp-content\/uploads\/2026\/03\/For-more-customization-options-please-contact-us.-3-1024x683.png\" alt=\"For More Customization Options, Please Contact Us. (3)\" width=\"386\" height=\"257\" srcset=\"https:\/\/www.xqglasses.com\/wp-content\/uploads\/2026\/03\/For-more-customization-options-please-contact-us.-3-1024x683.png 1024w, https:\/\/www.xqglasses.com\/wp-content\/uploads\/2026\/03\/For-more-customization-options-please-contact-us.-3-300x200.png 300w, https:\/\/www.xqglasses.com\/wp-content\/uploads\/2026\/03\/For-more-customization-options-please-contact-us.-3-768x512.png 768w, https:\/\/www.xqglasses.com\/wp-content\/uploads\/2026\/03\/For-more-customization-options-please-contact-us.-3-600x400.png 600w, https:\/\/www.xqglasses.com\/wp-content\/uploads\/2026\/03\/For-more-customization-options-please-contact-us.-3.png 1200w\" sizes=\"(max-width: 386px) 100vw, 386px\" \/><\/h2>\n<h2 class=\"elementor-heading-title elementor-size-default\" style=\"text-align: center;\"><strong>Taille et coupe<\/strong><\/h2>\n<p>&nbsp;<\/p>\n<p data-start=\"32\" data-end=\"350\">Ce mod\u00e8le pr\u00e9sente une largeur de monture de 146 mm et un design l\u00e9ger de 34 g, combin\u00e9s \u00e0 une hauteur de verre de 58 mm et une structure de monture ergonomique. Il offre une exp\u00e9rience de port confortable et l\u00e9g\u00e8re tout en assurant une excellente couverture. Les plaquettes de nez r\u00e9glables lui permettent de s'adapter \u00e0 une vari\u00e9t\u00e9 de formes de visage.<\/p>\n<p><img loading=\"lazy\" decoding=\"async\" class=\"alignnone wp-image-6832\" src=\"https:\/\/www.xqglasses.com\/wp-content\/uploads\/2026\/03\/\u5c3a\u5bf8-1024x683.png\" alt=\"\u5c3a\u5bf8\" width=\"428\" height=\"286\" srcset=\"https:\/\/www.xqglasses.com\/wp-content\/uploads\/2026\/03\/\u5c3a\u5bf8-1024x683.png 1024w, https:\/\/www.xqglasses.com\/wp-content\/uploads\/2026\/03\/\u5c3a\u5bf8-300x200.png 300w, https:\/\/www.xqglasses.com\/wp-content\/uploads\/2026\/03\/\u5c3a\u5bf8-768x512.png 768w, https:\/\/www.xqglasses.com\/wp-content\/uploads\/2026\/03\/\u5c3a\u5bf8-600x400.png 600w, https:\/\/www.xqglasses.com\/wp-content\/uploads\/2026\/03\/\u5c3a\u5bf8.png 1200w\" sizes=\"(max-width: 428px) 100vw, 428px\" \/>\u00a0 \u00a0 \u00a0 \u00a0 \u00a0 \u00a0 \u00a0 \u00a0 \u00a0 \u00a0\u00a0\u00a0 \u00a0 \u00a0 \u00a0 \u00a0 \u00a0 \u00a0 \u00a0 \u00a0 \u00a0 \u00a0 \u00a0 \u00a0 \u00a0 \u00a0 \u00a0<img loading=\"lazy\" decoding=\"async\" class=\"alignnone wp-image-6833\" src=\"https:\/\/www.xqglasses.com\/wp-content\/uploads\/2026\/03\/\u5c3a\u5bf8-2-1024x683.png\" alt=\"\u5c3a\u5bf8 (2)\" width=\"406\" height=\"271\" srcset=\"https:\/\/www.xqglasses.com\/wp-content\/uploads\/2026\/03\/\u5c3a\u5bf8-2-1024x683.png 1024w, https:\/\/www.xqglasses.com\/wp-content\/uploads\/2026\/03\/\u5c3a\u5bf8-2-300x200.png 300w, https:\/\/www.xqglasses.com\/wp-content\/uploads\/2026\/03\/\u5c3a\u5bf8-2-768x512.png 768w, https:\/\/www.xqglasses.com\/wp-content\/uploads\/2026\/03\/\u5c3a\u5bf8-2-600x400.png 600w, https:\/\/www.xqglasses.com\/wp-content\/uploads\/2026\/03\/\u5c3a\u5bf8-2.png 1200w\" sizes=\"(max-width: 406px) 100vw, 406px\" \/>\u00a0 \u00a0 \u00a0 \u00a0 \u00a0 \u00a0 \u00a0 \u00a0 \u00a0 \u00a0 \u00a0 \u00a0 \u00a0 \u00a0 \u00a0 \u00a0 \u00a0 \u00a0 \u00a0 \u00a0 \u00a0 \u00a0 \u00a0 \u00a0 \u00a0 \u00a0 \u00a0 \u00a0 \u00a0 \u00a0 \u00a0 \u00a0 \u00a0 \u00a0 \u00a0 \u00a0 \u00a0 \u00a0 \u00a0 \u00a0 \u00a0 \u00a0 \u00a0 \u00a0 \u00a0 \u00a0 \u00a0 \u00a0 \u00a0 \u00a0 \u00a0 \u00a0 \u00a0 \u00a0 \u00a0 \u00a0 \u00a0 \u00a0 \u00a0 \u00a0 \u00a0 \u00a0 <img loading=\"lazy\" decoding=\"async\" class=\"alignnone wp-image-6835\" src=\"https:\/\/www.xqglasses.com\/wp-content\/uploads\/2026\/03\/For-more-customization-options-please-contact-us.-7-1024x683.png\" alt=\"For More Customization Options, Please Contact Us. (7)\" width=\"715\" height=\"477\" srcset=\"https:\/\/www.xqglasses.com\/wp-content\/uploads\/2026\/03\/For-more-customization-options-please-contact-us.-7-1024x683.png 1024w, https:\/\/www.xqglasses.com\/wp-content\/uploads\/2026\/03\/For-more-customization-options-please-contact-us.-7-300x200.png 300w, https:\/\/www.xqglasses.com\/wp-content\/uploads\/2026\/03\/For-more-customization-options-please-contact-us.-7-768x512.png 768w, https:\/\/www.xqglasses.com\/wp-content\/uploads\/2026\/03\/For-more-customization-options-please-contact-us.-7-600x400.png 600w, https:\/\/www.xqglasses.com\/wp-content\/uploads\/2026\/03\/For-more-customization-options-please-contact-us.-7.png 1200w\" sizes=\"(max-width: 715px) 100vw, 715px\" \/><\/p>\n<h2 style=\"text-align: center;\"><strong>Options de personnalisation<\/strong><\/h2>\n<h3>Mat\u00e9riau du cadre<\/h3>\n<p>&nbsp;<\/p>\n<p><img loading=\"lazy\" decoding=\"async\" class=\"alignnone size-large wp-image-6838\" src=\"https:\/\/www.xqglasses.com\/wp-content\/uploads\/2026\/03\/For-more-customization-options-please-contact-us.-9-1024x683.png\" alt=\"For More Customization Options, Please Contact Us. (9)\" width=\"1024\" height=\"683\" srcset=\"https:\/\/www.xqglasses.com\/wp-content\/uploads\/2026\/03\/For-more-customization-options-please-contact-us.-9-1024x683.png 1024w, https:\/\/www.xqglasses.com\/wp-content\/uploads\/2026\/03\/For-more-customization-options-please-contact-us.-9-300x200.png 300w, https:\/\/www.xqglasses.com\/wp-content\/uploads\/2026\/03\/For-more-customization-options-please-contact-us.-9-768x512.png 768w, https:\/\/www.xqglasses.com\/wp-content\/uploads\/2026\/03\/For-more-customization-options-please-contact-us.-9-600x400.png 600w, https:\/\/www.xqglasses.com\/wp-content\/uploads\/2026\/03\/For-more-customization-options-please-contact-us.-9.png 1200w\" sizes=\"(max-width: 1024px) 100vw, 1024px\" \/><\/p>\n<h2><strong>Couleurs du cadre<\/strong><\/h2>\n<p>&nbsp;<\/p>\n<p><img loading=\"lazy\" decoding=\"async\" class=\"alignnone size-large wp-image-6837\" src=\"https:\/\/www.xqglasses.com\/wp-content\/uploads\/2026\/03\/For-more-customization-options-please-contact-us.-10-1024x683.png\" alt=\"For More Customization Options, Please Contact Us. (10)\" width=\"1024\" height=\"683\" srcset=\"https:\/\/www.xqglasses.com\/wp-content\/uploads\/2026\/03\/For-more-customization-options-please-contact-us.-10-1024x683.png 1024w, https:\/\/www.xqglasses.com\/wp-content\/uploads\/2026\/03\/For-more-customization-options-please-contact-us.-10-300x200.png 300w, https:\/\/www.xqglasses.com\/wp-content\/uploads\/2026\/03\/For-more-customization-options-please-contact-us.-10-768x512.png 768w, https:\/\/www.xqglasses.com\/wp-content\/uploads\/2026\/03\/For-more-customization-options-please-contact-us.-10-600x400.png 600w, https:\/\/www.xqglasses.com\/wp-content\/uploads\/2026\/03\/For-more-customization-options-please-contact-us.-10.png 1200w\" sizes=\"(max-width: 1024px) 100vw, 1024px\" \/><\/p>\n<p>&nbsp;<\/p>","protected":false},"excerpt":{"rendered":"<p>UV400 Protection TR90 Photochromic Sports Sunglasses for Running, Cycling &amp; Outdoor Adventures &nbsp; This product \uff08XQ651)\u00a0 is crafted with high-quality TR90 frames, offering flexibility, impact resistance, and a comfortable fit during sports activities. The lenses are made of highly durable PC photochromic material, providing versatile use in a single lens. They automatically darken under UV [&hellip;]<\/p>\n","protected":false},"featured_media":6806,"comment_status":"closed","ping_status":"closed","template":"","meta":{"site-sidebar-layout":"default","site-content-layout":"","ast-site-content-layout":"default","site-content-style":"default","site-sidebar-style":"default","ast-global-header-display":"","ast-banner-title-visibility":"","ast-main-header-display":"","ast-hfb-above-header-display":"","ast-hfb-below-header-display":"","ast-hfb-mobile-header-display":"","site-post-title":"","ast-breadcrumbs-content":"","ast-featured-img":"","footer-sml-layout":"","theme-transparent-header-meta":"default","adv-header-id-meta":"","stick-header-meta":"","header-above-stick-meta":"","header-main-stick-meta":"","header-below-stick-meta":"","astra-migrate-meta-layouts":"set","ast-page-background-enabled":"default","ast-page-background-meta":{"desktop":{"background-color":"var(--ast-global-color-4)","background-image":"","background-repeat":"repeat","background-position":"center center","background-size":"auto","background-attachment":"scroll","background-type":"","background-media":"","overlay-type":"","overlay-color":"","overlay-gradient":""},"tablet":{"background-color":"","background-image":"","background-repeat":"repeat","background-position":"center center","background-size":"auto","background-attachment":"scroll","background-type":"","background-media":"","overlay-type":"","overlay-color":"","overlay-gradient":""},"mobile":{"background-color":"","background-image":"","background-repeat":"repeat","background-position":"center center","background-size":"auto","background-attachment":"scroll","background-type":"","background-media":"","overlay-type":"","overlay-color":"","overlay-gradient":""}},"ast-content-background-meta":{"desktop":{"background-color":"var(--ast-global-color-5)","background-image":"","background-repeat":"repeat","background-position":"center center","background-size":"auto","background-attachment":"scroll","background-type":"","background-media":"","overlay-type":"","overlay-color":"","overlay-gradient":""},"tablet":{"background-color":"var(--ast-global-color-5)","background-image":"","background-repeat":"repeat","background-position":"center center","background-size":"auto","background-attachment":"scroll","background-type":"","background-media":"","overlay-type":"","overlay-color":"","overlay-gradient":""},"mobile":{"background-color":"var(--ast-global-color-5)","background-image":"","background-repeat":"repeat","background-position":"center center","background-size":"auto","background-attachment":"scroll","background-type":"","background-media":"","overlay-type":"","overlay-color":"","overlay-gradient":""}}},"product_brand":[],"product_cat":[163,175],"product_tag":[],"class_list":{"0":"post-6800","1":"product","2":"type-product","3":"status-publish","4":"has-post-thumbnail","6":"product_cat-cycling-sunglasses","7":"product_cat-sports-sunglasses","8":"desktop-align-left","9":"tablet-align-left","10":"mobile-align-left","12":"first","13":"instock","14":"shipping-taxable","15":"product-type-simple"},"acf":[],"_links":{"self":[{"href":"https:\/\/www.xqglasses.com\/fr\/wp-json\/wp\/v2\/product\/6800","targetHints":{"allow":["GET"]}}],"collection":[{"href":"https:\/\/www.xqglasses.com\/fr\/wp-json\/wp\/v2\/product"}],"about":[{"href":"https:\/\/www.xqglasses.com\/fr\/wp-json\/wp\/v2\/types\/product"}],"replies":[{"embeddable":true,"href":"https:\/\/www.xqglasses.com\/fr\/wp-json\/wp\/v2\/comments?post=6800"}],"version-history":[{"count":1,"href":"https:\/\/www.xqglasses.com\/fr\/wp-json\/wp\/v2\/product\/6800\/revisions"}],"predecessor-version":[{"id":7038,"href":"https:\/\/www.xqglasses.com\/fr\/wp-json\/wp\/v2\/product\/6800\/revisions\/7038"}],"wp:featuredmedia":[{"embeddable":true,"href":"https:\/\/www.xqglasses.com\/fr\/wp-json\/wp\/v2\/media\/6806"}],"wp:attachment":[{"href":"https:\/\/www.xqglasses.com\/fr\/wp-json\/wp\/v2\/media?parent=6800"}],"wp:term":[{"taxonomy":"product_brand","embeddable":true,"href":"https:\/\/www.xqglasses.com\/fr\/wp-json\/wp\/v2\/product_brand?post=6800"},{"taxonomy":"product_cat","embeddable":true,"href":"https:\/\/www.xqglasses.com\/fr\/wp-json\/wp\/v2\/product_cat?post=6800"},{"taxonomy":"product_tag","embeddable":true,"href":"https:\/\/www.xqglasses.com\/fr\/wp-json\/wp\/v2\/product_tag?post=6800"}],"curies":[{"name":"wp","href":"https:\/\/api.w.org\/{rel}","templated":true}]}}