{"id":3411,"date":"2023-09-04T13:49:17","date_gmt":"2023-09-04T05:49:17","guid":{"rendered":"https:\/\/www.xqglasses.com\/product\/brown-polarized-women-s-fit-over-sunglasses\/"},"modified":"2023-09-14T16:56:13","modified_gmt":"2023-09-14T08:56:13","slug":"brown-polarized-women-s-fit-over-sunglasses","status":"publish","type":"product","link":"https:\/\/www.xqglasses.com\/fr\/produit\/brown-polarized-women-s-fit-over-sunglasses\/","title":{"rendered":"Brown polarized women&#8217;s fit over sunglasses"},"content":{"rendered":"<p>&nbsp;<\/p>\n<h2>Brown polarized women&#8217;s fit over sunglasses Manufacturers and suppliers<\/h2>\n<p>Xunqi Glasses Co., Ltd. a \u00e9t\u00e9 cr\u00e9\u00e9e en 2005, sp\u00e9cialis\u00e9e dans la production de lunettes de soleil, de miroirs de lunettes, de r\u00e9troviseurs de moto cross-country, de lunettes de soleil militaires et ajust\u00e9es.<\/p>\n<p>&nbsp;<\/p>\n<p>A pass\u00e9 la certification ISO 9001, la certification du syst\u00e8me standard international BSCI et la certification CE. Avoir une \u00e9quipe de production et de vente professionnelle pour la fabrication et le service avant-vente\/apr\u00e8s-vente.<\/p>\n<p>&nbsp;<\/p>\n<p>Xunqi <strong>accepte les commandes OEM\/ODM<\/strong> et fournit des services personnalis\u00e9s pour la conception de dessins 3D et la production de moules \u00e0 lunettes, ainsi que des logos personnalis\u00e9s sur l'emballage ou d'autres accessoires.<\/p>\n<p>&nbsp;<\/p>\n<p>Elle dispose de plus de 10 machines de moulage par injection, de 4 machines de d\u00e9coupe de lentilles informatiques, de 4 lignes de production et la capacit\u00e9 de production mensuelle de Xunqi atteint 50 000 pi\u00e8ces, ce qui peut r\u00e9pondre aux besoins d'achat de petits, multi-lots et grands volumes des clients. Les produits de lunettes Xunqi ont \u00e9t\u00e9 export\u00e9s vers l'Europe, les \u00c9tats-Unis, le Canada, la Cor\u00e9e du Sud, le Japon, l'Indon\u00e9sie, les Philippines et d'autres pays.<\/p>\n<p>&nbsp;<\/p>\n<p>Xunqi Glasses a h\u00e2te d'\u00e9tablir une relation de coop\u00e9ration \u00e0 long terme avec vous, veuillez nous contacter.<\/p>\n<p>Polarized and Fit Over Design,good choice for those who have to wear prescription glasses or reading glasses. Polarized lens reduces glares effectively from water,snow,which makes these sunglasses great for driving,fishing, baseball and any other outdoor activities<\/p>\n<p><strong><span style=\"font-size: 16pt;\">D\u00e9tails:<\/span><\/strong><\/p>\n<p>Lieu d'origine: Guangzhou, Chine<br \/>\nNom de marque: OEM\/ODM<br \/>\nModel Number:XQ-303<br \/>\nType:Fit over sunglasses<br \/>\nUsage:can cover prescription glasses<br \/>\nFrame:PC<br \/>\nLens:TAC polarized<br \/>\nQuantit\u00e9 minimale de commande\u00a0:\u00a0300\u00a0pi\u00e8ces<br \/>\nCertificate:CE ,FDA<\/p>","protected":false},"excerpt":{"rendered":"<p>Full frame design<br \/>\n100% UVA and UVB protection<br \/>\nPolarized lens<\/p>","protected":false},"featured_media":3407,"comment_status":"open","ping_status":"closed","template":"","meta":{"site-sidebar-layout":"default","site-content-layout":"","ast-site-content-layout":"default","site-content-style":"default","site-sidebar-style":"default","ast-global-header-display":"","ast-banner-title-visibility":"","ast-main-header-display":"","ast-hfb-above-header-display":"","ast-hfb-below-header-display":"","ast-hfb-mobile-header-display":"","site-post-title":"","ast-breadcrumbs-content":"","ast-featured-img":"","footer-sml-layout":"","theme-transparent-header-meta":"default","adv-header-id-meta":"","stick-header-meta":"","header-above-stick-meta":"","header-main-stick-meta":"","header-below-stick-meta":"","astra-migrate-meta-layouts":"set","ast-page-background-enabled":"default","ast-page-background-meta":{"desktop":{"background-color":"var(--ast-global-color-4)","background-image":"","background-repeat":"repeat","background-position":"center center","background-size":"auto","background-attachment":"scroll","background-type":"","background-media":"","overlay-type":"","overlay-color":"","overlay-gradient":""},"tablet":{"background-color":"","background-image":"","background-repeat":"repeat","background-position":"center center","background-size":"auto","background-attachment":"scroll","background-type":"","background-media":"","overlay-type":"","overlay-color":"","overlay-gradient":""},"mobile":{"background-color":"","background-image":"","background-repeat":"repeat","background-position":"center center","background-size":"auto","background-attachment":"scroll","background-type":"","background-media":"","overlay-type":"","overlay-color":"","overlay-gradient":""}},"ast-content-background-meta":{"desktop":{"background-color":"var(--ast-global-color-5)","background-image":"","background-repeat":"repeat","background-position":"center center","background-size":"auto","background-attachment":"scroll","background-type":"","background-media":"","overlay-type":"","overlay-color":"","overlay-gradient":""},"tablet":{"background-color":"var(--ast-global-color-5)","background-image":"","background-repeat":"repeat","background-position":"center center","background-size":"auto","background-attachment":"scroll","background-type":"","background-media":"","overlay-type":"","overlay-color":"","overlay-gradient":""},"mobile":{"background-color":"var(--ast-global-color-5)","background-image":"","background-repeat":"repeat","background-position":"center center","background-size":"auto","background-attachment":"scroll","background-type":"","background-media":"","overlay-type":"","overlay-color":"","overlay-gradient":""}}},"product_brand":[],"product_cat":[174],"product_tag":[],"class_list":{"0":"post-3411","1":"product","2":"type-product","3":"status-publish","4":"has-post-thumbnail","6":"product_cat-fit-over-sunglasses","7":"desktop-align-left","8":"tablet-align-left","9":"mobile-align-left","11":"first","12":"instock","13":"shipping-taxable","14":"product-type-simple"},"acf":[],"_links":{"self":[{"href":"https:\/\/www.xqglasses.com\/fr\/wp-json\/wp\/v2\/product\/3411","targetHints":{"allow":["GET"]}}],"collection":[{"href":"https:\/\/www.xqglasses.com\/fr\/wp-json\/wp\/v2\/product"}],"about":[{"href":"https:\/\/www.xqglasses.com\/fr\/wp-json\/wp\/v2\/types\/product"}],"replies":[{"embeddable":true,"href":"https:\/\/www.xqglasses.com\/fr\/wp-json\/wp\/v2\/comments?post=3411"}],"version-history":[{"count":0,"href":"https:\/\/www.xqglasses.com\/fr\/wp-json\/wp\/v2\/product\/3411\/revisions"}],"wp:featuredmedia":[{"embeddable":true,"href":"https:\/\/www.xqglasses.com\/fr\/wp-json\/wp\/v2\/media\/3407"}],"wp:attachment":[{"href":"https:\/\/www.xqglasses.com\/fr\/wp-json\/wp\/v2\/media?parent=3411"}],"wp:term":[{"taxonomy":"product_brand","embeddable":true,"href":"https:\/\/www.xqglasses.com\/fr\/wp-json\/wp\/v2\/product_brand?post=3411"},{"taxonomy":"product_cat","embeddable":true,"href":"https:\/\/www.xqglasses.com\/fr\/wp-json\/wp\/v2\/product_cat?post=3411"},{"taxonomy":"product_tag","embeddable":true,"href":"https:\/\/www.xqglasses.com\/fr\/wp-json\/wp\/v2\/product_tag?post=3411"}],"curies":[{"name":"wp","href":"https:\/\/api.w.org\/{rel}","templated":true}]}}