{"id":3292,"date":"2023-09-04T13:46:24","date_gmt":"2023-09-04T05:46:24","guid":{"rendered":"https:\/\/www.xqglasses.com\/product\/2021-rip-and-roll-off-mx-goggles\/"},"modified":"2025-02-13T15:02:37","modified_gmt":"2025-02-13T07:02:37","slug":"2021-rip-and-roll-off-mx-goggles","status":"publish","type":"product","link":"https:\/\/www.xqglasses.com\/fr\/produit\/2021-rip-and-roll-off-mx-goggles\/","title":{"rendered":"Lunettes MX HD anti-bu\u00e9e rip and roll off"},"content":{"rendered":"<p>&nbsp;<\/p>\n<h2>2021 rip and roll off mx goggles Manufacturers and suppliers<\/h2>\n<p>Xunqi Glasses Co., Ltd. a \u00e9t\u00e9 cr\u00e9\u00e9e en 2005, sp\u00e9cialis\u00e9e dans la production de lunettes de soleil, de miroirs de lunettes, de r\u00e9troviseurs de moto cross-country, de lunettes de soleil militaires et ajust\u00e9es.<\/p>\n<p>&nbsp;<\/p>\n<p>A pass\u00e9 la certification ISO 9001, la certification du syst\u00e8me standard international BSCI et la certification CE. Avoir une \u00e9quipe de production et de vente professionnelle pour la fabrication et le service avant-vente\/apr\u00e8s-vente.<\/p>\n<p>&nbsp;<\/p>\n<p>Xunqi <strong>accepte les commandes OEM\/ODM<\/strong> et fournit des services personnalis\u00e9s pour la conception de dessins 3D et la production de moules \u00e0 lunettes, ainsi que des logos personnalis\u00e9s sur l'emballage ou d'autres accessoires.<\/p>\n<p>&nbsp;<\/p>\n<p>Elle dispose de plus de 10 machines de moulage par injection, de 4 machines de d\u00e9coupe de lentilles informatiques, de 4 lignes de production et la capacit\u00e9 de production mensuelle de Xunqi atteint 50 000 pi\u00e8ces, ce qui peut r\u00e9pondre aux besoins d'achat de petits, multi-lots et grands volumes des clients. Les produits de lunettes Xunqi ont \u00e9t\u00e9 export\u00e9s vers l'Europe, les \u00c9tats-Unis, le Canada, la Cor\u00e9e du Sud, le Japon, l'Indon\u00e9sie, les Philippines et d'autres pays.<\/p>\n<p>&nbsp;<\/p>\n<p>Xunqi Glasses a h\u00e2te d'\u00e9tablir une relation de coop\u00e9ration \u00e0 long terme avec vous, veuillez nous contacter.<\/p>\n<p>MX goggle roll offs \u00a0can be advanced through a pull cord on the goggles.They are meant to instantly clear your vision when racing through the mud while keeping knicks and scratches off the lenses.<\/p>\n<p>D\u00e9tails:<br \/>\nLieu d'origine: Guangzhou, Chine<br \/>\nNom de marque: OEM\/ODM<br \/>\nModel Number:XA-093 roff off<br \/>\nType:MX goggles<br \/>\nUsage:Motorcycle<br \/>\nCadre: TPU<br \/>\nLentille:Polycarbonate<br \/>\nExtras : Sangle r\u00e9glable<br \/>\nQuantit\u00e9 minimale de commande\u00a0: 600\u00a0pi\u00e8ces<br \/>\nCertificat\u00a0: Z87.1<\/p>","protected":false},"excerpt":{"rendered":"<p>100% UV400 protection<br \/>\nHD anti-fog PC lens<br \/>\nCustomized logo strap<br \/>\nRoll off system<\/p>","protected":false},"featured_media":3286,"comment_status":"open","ping_status":"closed","template":"","meta":{"site-sidebar-layout":"default","site-content-layout":"","ast-site-content-layout":"default","site-content-style":"default","site-sidebar-style":"default","ast-global-header-display":"","ast-banner-title-visibility":"","ast-main-header-display":"","ast-hfb-above-header-display":"","ast-hfb-below-header-display":"","ast-hfb-mobile-header-display":"","site-post-title":"","ast-breadcrumbs-content":"","ast-featured-img":"","footer-sml-layout":"","theme-transparent-header-meta":"default","adv-header-id-meta":"","stick-header-meta":"","header-above-stick-meta":"","header-main-stick-meta":"","header-below-stick-meta":"","astra-migrate-meta-layouts":"set","ast-page-background-enabled":"default","ast-page-background-meta":{"desktop":{"background-color":"var(--ast-global-color-4)","background-image":"","background-repeat":"repeat","background-position":"center center","background-size":"auto","background-attachment":"scroll","background-type":"","background-media":"","overlay-type":"","overlay-color":"","overlay-gradient":""},"tablet":{"background-color":"","background-image":"","background-repeat":"repeat","background-position":"center center","background-size":"auto","background-attachment":"scroll","background-type":"","background-media":"","overlay-type":"","overlay-color":"","overlay-gradient":""},"mobile":{"background-color":"","background-image":"","background-repeat":"repeat","background-position":"center center","background-size":"auto","background-attachment":"scroll","background-type":"","background-media":"","overlay-type":"","overlay-color":"","overlay-gradient":""}},"ast-content-background-meta":{"desktop":{"background-color":"var(--ast-global-color-5)","background-image":"","background-repeat":"repeat","background-position":"center center","background-size":"auto","background-attachment":"scroll","background-type":"","background-media":"","overlay-type":"","overlay-color":"","overlay-gradient":""},"tablet":{"background-color":"var(--ast-global-color-5)","background-image":"","background-repeat":"repeat","background-position":"center center","background-size":"auto","background-attachment":"scroll","background-type":"","background-media":"","overlay-type":"","overlay-color":"","overlay-gradient":""},"mobile":{"background-color":"var(--ast-global-color-5)","background-image":"","background-repeat":"repeat","background-position":"center center","background-size":"auto","background-attachment":"scroll","background-type":"","background-media":"","overlay-type":"","overlay-color":"","overlay-gradient":""}}},"product_brand":[],"product_cat":[167],"product_tag":[],"class_list":{"0":"post-3292","1":"product","2":"type-product","3":"status-publish","4":"has-post-thumbnail","6":"product_cat-motocross-goggles","7":"desktop-align-left","8":"tablet-align-left","9":"mobile-align-left","11":"first","12":"instock","13":"shipping-taxable","14":"product-type-simple"},"acf":[],"_links":{"self":[{"href":"https:\/\/www.xqglasses.com\/fr\/wp-json\/wp\/v2\/product\/3292","targetHints":{"allow":["GET"]}}],"collection":[{"href":"https:\/\/www.xqglasses.com\/fr\/wp-json\/wp\/v2\/product"}],"about":[{"href":"https:\/\/www.xqglasses.com\/fr\/wp-json\/wp\/v2\/types\/product"}],"replies":[{"embeddable":true,"href":"https:\/\/www.xqglasses.com\/fr\/wp-json\/wp\/v2\/comments?post=3292"}],"version-history":[{"count":0,"href":"https:\/\/www.xqglasses.com\/fr\/wp-json\/wp\/v2\/product\/3292\/revisions"}],"wp:featuredmedia":[{"embeddable":true,"href":"https:\/\/www.xqglasses.com\/fr\/wp-json\/wp\/v2\/media\/3286"}],"wp:attachment":[{"href":"https:\/\/www.xqglasses.com\/fr\/wp-json\/wp\/v2\/media?parent=3292"}],"wp:term":[{"taxonomy":"product_brand","embeddable":true,"href":"https:\/\/www.xqglasses.com\/fr\/wp-json\/wp\/v2\/product_brand?post=3292"},{"taxonomy":"product_cat","embeddable":true,"href":"https:\/\/www.xqglasses.com\/fr\/wp-json\/wp\/v2\/product_cat?post=3292"},{"taxonomy":"product_tag","embeddable":true,"href":"https:\/\/www.xqglasses.com\/fr\/wp-json\/wp\/v2\/product_tag?post=3292"}],"curies":[{"name":"wp","href":"https:\/\/api.w.org\/{rel}","templated":true}]}}